{"id":12,"date":"2025-12-04T15:05:19","date_gmt":"2025-12-04T14:05:19","guid":{"rendered":"https:\/\/gmflexpaket.se\/4kok\/?page_id=12"},"modified":"2026-04-20T13:46:53","modified_gmt":"2026-04-20T11:46:53","slug":"kalmar-harligaste-lunchrestaurang-catering-till-fest-brollop-konferens","status":"publish","type":"page","link":"https:\/\/gmflexpaket.se\/jonasmatevent\/","title":{"rendered":"Hem"},"content":{"rendered":"","protected":false},"excerpt":{"rendered":"","protected":false},"author":1,"featured_media":0,"parent":0,"menu_order":0,"comment_status":"closed","ping_status":"closed","template":"","meta":{"_acf_changed":false,"_monsterinsights_skip_tracking":false,"_monsterinsights_sitenote_active":false,"_monsterinsights_sitenote_note":"","_monsterinsights_sitenote_category":0,"footnotes":""},"class_list":["post-12","page","type-page","status-publish","hentry"],"acf":[],"yoast_head":"<!-- This site is optimized with the Yoast SEO plugin v27.5 - https:\/\/yoast.com\/product\/yoast-seo-wordpress\/ -->\n<title>Jonas Mat &amp; Event |<\/title>\n<meta name=\"description\" content=\"Kalmar h\u00e4rligaste lunchrestaurang catering till fest br\u00f6llop konferens restaurang husmanskost hemlagat lunch matsedel 4K\u00f6k\" \/>\n<meta name=\"robots\" content=\"index, follow, max-snippet:-1, max-image-preview:large, max-video-preview:-1\" \/>\n<link rel=\"canonical\" href=\"https:\/\/gmflexpaket.se\/jonasmatevent\/\" \/>\n<meta property=\"og:locale\" content=\"sv_SE\" \/>\n<meta property=\"og:type\" content=\"article\" \/>\n<meta property=\"og:title\" content=\"Hem - Jonas Mat &amp; Event\" \/>\n<meta property=\"og:description\" content=\"Kalmar h\u00e4rligaste lunchrestaurang catering till fest br\u00f6llop konferens restaurang husmanskost hemlagat lunch matsedel 4K\u00f6k\" \/>\n<meta property=\"og:url\" content=\"https:\/\/gmflexpaket.se\/jonasmatevent\/\" \/>\n<meta property=\"og:site_name\" content=\"Jonas Mat &amp; Event\" \/>\n<meta property=\"article:modified_time\" content=\"2026-04-20T11:46:53+00:00\" \/>\n<meta name=\"twitter:card\" content=\"summary_large_image\" \/>\n<meta name=\"twitter:label1\" content=\"Est. reading time\" \/>\n\t<meta name=\"twitter:data1\" content=\"2 minuter\" \/>\n<script type=\"application\/ld+json\" class=\"yoast-schema-graph\">{\"@context\":\"https:\\\/\\\/schema.org\",\"@graph\":[{\"@type\":\"WebPage\",\"@id\":\"https:\\\/\\\/gmflexpaket.se\\\/jonasmatevent\\\/\",\"url\":\"https:\\\/\\\/gmflexpaket.se\\\/jonasmatevent\\\/\",\"name\":\"Hem - Jonas Mat & Event\",\"isPartOf\":{\"@id\":\"https:\\\/\\\/gmflexpaket.se\\\/jonasmatevent\\\/#website\"},\"datePublished\":\"2025-12-04T14:05:19+00:00\",\"dateModified\":\"2026-04-20T11:46:53+00:00\",\"description\":\"Kalmar h\u00e4rligaste lunchrestaurang catering till fest br\u00f6llop konferens restaurang husmanskost hemlagat lunch matsedel 4K\u00f6k\",\"breadcrumb\":{\"@id\":\"https:\\\/\\\/gmflexpaket.se\\\/jonasmatevent\\\/#breadcrumb\"},\"inLanguage\":\"sv-SE\",\"potentialAction\":[{\"@type\":\"ReadAction\",\"target\":[\"https:\\\/\\\/gmflexpaket.se\\\/jonasmatevent\\\/\"]}]},{\"@type\":\"BreadcrumbList\",\"@id\":\"https:\\\/\\\/gmflexpaket.se\\\/jonasmatevent\\\/#breadcrumb\",\"itemListElement\":[{\"@type\":\"ListItem\",\"position\":1,\"name\":\"Home\",\"item\":\"https:\\\/\\\/gmflexpaket.se\\\/jonasmatevent\\\/\"},{\"@type\":\"ListItem\",\"position\":2,\"name\":\"Hem\"}]},{\"@type\":\"WebSite\",\"@id\":\"https:\\\/\\\/gmflexpaket.se\\\/jonasmatevent\\\/#website\",\"url\":\"https:\\\/\\\/gmflexpaket.se\\\/jonasmatevent\\\/\",\"name\":\"Jonas Mat & Event\",\"description\":\"Jordn\u00e4ra smaker \u2013 Kryddar med h\u00e5llbarhet\",\"potentialAction\":[{\"@type\":\"SearchAction\",\"target\":{\"@type\":\"EntryPoint\",\"urlTemplate\":\"https:\\\/\\\/gmflexpaket.se\\\/jonasmatevent\\\/?s={search_term_string}\"},\"query-input\":{\"@type\":\"PropertyValueSpecification\",\"valueRequired\":true,\"valueName\":\"search_term_string\"}}],\"inLanguage\":\"sv-SE\"}]}<\/script>\n<!-- \/ Yoast SEO plugin. -->","yoast_head_json":{"title":"Jonas Mat & Event |","description":"Kalmar h\u00e4rligaste lunchrestaurang catering till fest br\u00f6llop konferens restaurang husmanskost hemlagat lunch matsedel 4K\u00f6k","robots":{"index":"index","follow":"follow","max-snippet":"max-snippet:-1","max-image-preview":"max-image-preview:large","max-video-preview":"max-video-preview:-1"},"canonical":"https:\/\/gmflexpaket.se\/jonasmatevent\/","og_locale":"sv_SE","og_type":"article","og_title":"Hem - Jonas Mat & Event","og_description":"Kalmar h\u00e4rligaste lunchrestaurang catering till fest br\u00f6llop konferens restaurang husmanskost hemlagat lunch matsedel 4K\u00f6k","og_url":"https:\/\/gmflexpaket.se\/jonasmatevent\/","og_site_name":"Jonas Mat & Event","article_modified_time":"2026-04-20T11:46:53+00:00","twitter_card":"summary_large_image","twitter_misc":{"Est. reading time":"2 minuter"},"schema":{"@context":"https:\/\/schema.org","@graph":[{"@type":"WebPage","@id":"https:\/\/gmflexpaket.se\/jonasmatevent\/","url":"https:\/\/gmflexpaket.se\/jonasmatevent\/","name":"Hem - Jonas Mat & Event","isPartOf":{"@id":"https:\/\/gmflexpaket.se\/jonasmatevent\/#website"},"datePublished":"2025-12-04T14:05:19+00:00","dateModified":"2026-04-20T11:46:53+00:00","description":"Kalmar h\u00e4rligaste lunchrestaurang catering till fest br\u00f6llop konferens restaurang husmanskost hemlagat lunch matsedel 4K\u00f6k","breadcrumb":{"@id":"https:\/\/gmflexpaket.se\/jonasmatevent\/#breadcrumb"},"inLanguage":"sv-SE","potentialAction":[{"@type":"ReadAction","target":["https:\/\/gmflexpaket.se\/jonasmatevent\/"]}]},{"@type":"BreadcrumbList","@id":"https:\/\/gmflexpaket.se\/jonasmatevent\/#breadcrumb","itemListElement":[{"@type":"ListItem","position":1,"name":"Home","item":"https:\/\/gmflexpaket.se\/jonasmatevent\/"},{"@type":"ListItem","position":2,"name":"Hem"}]},{"@type":"WebSite","@id":"https:\/\/gmflexpaket.se\/jonasmatevent\/#website","url":"https:\/\/gmflexpaket.se\/jonasmatevent\/","name":"Jonas Mat & Event","description":"Jordn\u00e4ra smaker \u2013 Kryddar med h\u00e5llbarhet","potentialAction":[{"@type":"SearchAction","target":{"@type":"EntryPoint","urlTemplate":"https:\/\/gmflexpaket.se\/jonasmatevent\/?s={search_term_string}"},"query-input":{"@type":"PropertyValueSpecification","valueRequired":true,"valueName":"search_term_string"}}],"inLanguage":"sv-SE"}]}},"_links":{"self":[{"href":"https:\/\/gmflexpaket.se\/jonasmatevent\/wp-json\/wp\/v2\/pages\/12","targetHints":{"allow":["GET"]}}],"collection":[{"href":"https:\/\/gmflexpaket.se\/jonasmatevent\/wp-json\/wp\/v2\/pages"}],"about":[{"href":"https:\/\/gmflexpaket.se\/jonasmatevent\/wp-json\/wp\/v2\/types\/page"}],"author":[{"embeddable":true,"href":"https:\/\/gmflexpaket.se\/jonasmatevent\/wp-json\/wp\/v2\/users\/1"}],"replies":[{"embeddable":true,"href":"https:\/\/gmflexpaket.se\/jonasmatevent\/wp-json\/wp\/v2\/comments?post=12"}],"version-history":[{"count":0,"href":"https:\/\/gmflexpaket.se\/jonasmatevent\/wp-json\/wp\/v2\/pages\/12\/revisions"}],"wp:attachment":[{"href":"https:\/\/gmflexpaket.se\/jonasmatevent\/wp-json\/wp\/v2\/media?parent=12"}],"curies":[{"name":"wp","href":"https:\/\/api.w.org\/{rel}","templated":true}]}}