{"id":218,"date":"2026-03-27T12:39:23","date_gmt":"2026-03-27T11:39:23","guid":{"rendered":"https:\/\/gmflexpaket.se\/hedlunds-maleri\/?page_id=218"},"modified":"2026-04-08T15:42:18","modified_gmt":"2026-04-08T13:42:18","slug":"invandigt-maleri","status":"publish","type":"page","link":"https:\/\/gmflexpaket.se\/hedlunds-maleri\/invandigt-maleri\/","title":{"rendered":"Inv\u00e4ndigt m\u00e5leri"},"content":{"rendered":"","protected":false},"excerpt":{"rendered":"","protected":false},"author":1,"featured_media":208,"parent":0,"menu_order":0,"comment_status":"closed","ping_status":"closed","template":"","meta":{"_acf_changed":false,"_monsterinsights_skip_tracking":false,"_monsterinsights_sitenote_active":false,"_monsterinsights_sitenote_note":"","_monsterinsights_sitenote_category":0,"footnotes":""},"class_list":["post-218","page","type-page","status-publish","has-post-thumbnail","hentry"],"acf":[],"yoast_head":"<!-- This site is optimized with the Yoast SEO plugin v27.5 - https:\/\/yoast.com\/product\/yoast-seo-wordpress\/ -->\n<title>Hedlunds M\u00e5leri |<\/title>\n<meta name=\"robots\" content=\"noindex, follow, max-snippet:-1, max-image-preview:large, max-video-preview:-1\" \/>\n<meta property=\"og:locale\" content=\"sv_SE\" \/>\n<meta property=\"og:type\" content=\"article\" \/>\n<meta property=\"og:title\" content=\"Inv\u00e4ndigt m\u00e5leri - Hedlunds M\u00e5leri\" \/>\n<meta property=\"og:url\" content=\"https:\/\/gmflexpaket.se\/hedlunds-maleri\/invandigt-maleri\/\" \/>\n<meta property=\"og:site_name\" content=\"Hedlunds M\u00e5leri\" \/>\n<meta property=\"article:modified_time\" content=\"2026-04-08T13:42:18+00:00\" \/>\n<meta property=\"og:image\" content=\"https:\/\/gmflexpaket.se\/hedlunds-maleri\/wp-content\/uploads\/sites\/8\/2026\/03\/bild2.jpg\" \/>\n\t<meta property=\"og:image:width\" content=\"2500\" \/>\n\t<meta property=\"og:image:height\" content=\"1668\" \/>\n\t<meta property=\"og:image:type\" content=\"image\/jpeg\" \/>\n<meta name=\"twitter:card\" content=\"summary_large_image\" \/>\n<meta name=\"twitter:label1\" content=\"Est. reading time\" \/>\n\t<meta name=\"twitter:data1\" content=\"3 minuter\" \/>\n<script type=\"application\/ld+json\" class=\"yoast-schema-graph\">{\"@context\":\"https:\\\/\\\/schema.org\",\"@graph\":[{\"@type\":\"WebPage\",\"@id\":\"https:\\\/\\\/gmflexpaket.se\\\/hedlunds-maleri\\\/invandigt-maleri\\\/\",\"url\":\"https:\\\/\\\/gmflexpaket.se\\\/hedlunds-maleri\\\/invandigt-maleri\\\/\",\"name\":\"Inv\u00e4ndigt m\u00e5leri - Hedlunds M\u00e5leri\",\"isPartOf\":{\"@id\":\"https:\\\/\\\/gmflexpaket.se\\\/hedlunds-maleri\\\/#website\"},\"primaryImageOfPage\":{\"@id\":\"https:\\\/\\\/gmflexpaket.se\\\/hedlunds-maleri\\\/invandigt-maleri\\\/#primaryimage\"},\"image\":{\"@id\":\"https:\\\/\\\/gmflexpaket.se\\\/hedlunds-maleri\\\/invandigt-maleri\\\/#primaryimage\"},\"thumbnailUrl\":\"https:\\\/\\\/gmflexpaket.se\\\/hedlunds-maleri\\\/wp-content\\\/uploads\\\/sites\\\/8\\\/2026\\\/03\\\/bild2.jpg\",\"datePublished\":\"2026-03-27T11:39:23+00:00\",\"dateModified\":\"2026-04-08T13:42:18+00:00\",\"breadcrumb\":{\"@id\":\"https:\\\/\\\/gmflexpaket.se\\\/hedlunds-maleri\\\/invandigt-maleri\\\/#breadcrumb\"},\"inLanguage\":\"sv-SE\",\"potentialAction\":[{\"@type\":\"ReadAction\",\"target\":[\"https:\\\/\\\/gmflexpaket.se\\\/hedlunds-maleri\\\/invandigt-maleri\\\/\"]}]},{\"@type\":\"ImageObject\",\"inLanguage\":\"sv-SE\",\"@id\":\"https:\\\/\\\/gmflexpaket.se\\\/hedlunds-maleri\\\/invandigt-maleri\\\/#primaryimage\",\"url\":\"https:\\\/\\\/gmflexpaket.se\\\/hedlunds-maleri\\\/wp-content\\\/uploads\\\/sites\\\/8\\\/2026\\\/03\\\/bild2.jpg\",\"contentUrl\":\"https:\\\/\\\/gmflexpaket.se\\\/hedlunds-maleri\\\/wp-content\\\/uploads\\\/sites\\\/8\\\/2026\\\/03\\\/bild2.jpg\",\"width\":2500,\"height\":1668},{\"@type\":\"BreadcrumbList\",\"@id\":\"https:\\\/\\\/gmflexpaket.se\\\/hedlunds-maleri\\\/invandigt-maleri\\\/#breadcrumb\",\"itemListElement\":[{\"@type\":\"ListItem\",\"position\":1,\"name\":\"Home\",\"item\":\"https:\\\/\\\/gmflexpaket.se\\\/hedlunds-maleri\\\/\"},{\"@type\":\"ListItem\",\"position\":2,\"name\":\"Inv\u00e4ndigt m\u00e5leri\"}]},{\"@type\":\"WebSite\",\"@id\":\"https:\\\/\\\/gmflexpaket.se\\\/hedlunds-maleri\\\/#website\",\"url\":\"https:\\\/\\\/gmflexpaket.se\\\/hedlunds-maleri\\\/\",\"name\":\"Hedlunds M\u00e5leri\",\"description\":\"Vi kan m\u00e5leri\",\"potentialAction\":[{\"@type\":\"SearchAction\",\"target\":{\"@type\":\"EntryPoint\",\"urlTemplate\":\"https:\\\/\\\/gmflexpaket.se\\\/hedlunds-maleri\\\/?s={search_term_string}\"},\"query-input\":{\"@type\":\"PropertyValueSpecification\",\"valueRequired\":true,\"valueName\":\"search_term_string\"}}],\"inLanguage\":\"sv-SE\"}]}<\/script>\n<!-- \/ Yoast SEO plugin. -->","yoast_head_json":{"title":"Hedlunds M\u00e5leri |","robots":{"index":"noindex","follow":"follow","max-snippet":"max-snippet:-1","max-image-preview":"max-image-preview:large","max-video-preview":"max-video-preview:-1"},"og_locale":"sv_SE","og_type":"article","og_title":"Inv\u00e4ndigt m\u00e5leri - Hedlunds M\u00e5leri","og_url":"https:\/\/gmflexpaket.se\/hedlunds-maleri\/invandigt-maleri\/","og_site_name":"Hedlunds M\u00e5leri","article_modified_time":"2026-04-08T13:42:18+00:00","og_image":[{"width":2500,"height":1668,"url":"https:\/\/gmflexpaket.se\/hedlunds-maleri\/wp-content\/uploads\/sites\/8\/2026\/03\/bild2.jpg","type":"image\/jpeg"}],"twitter_card":"summary_large_image","twitter_misc":{"Est. reading time":"3 minuter"},"schema":{"@context":"https:\/\/schema.org","@graph":[{"@type":"WebPage","@id":"https:\/\/gmflexpaket.se\/hedlunds-maleri\/invandigt-maleri\/","url":"https:\/\/gmflexpaket.se\/hedlunds-maleri\/invandigt-maleri\/","name":"Inv\u00e4ndigt m\u00e5leri - Hedlunds M\u00e5leri","isPartOf":{"@id":"https:\/\/gmflexpaket.se\/hedlunds-maleri\/#website"},"primaryImageOfPage":{"@id":"https:\/\/gmflexpaket.se\/hedlunds-maleri\/invandigt-maleri\/#primaryimage"},"image":{"@id":"https:\/\/gmflexpaket.se\/hedlunds-maleri\/invandigt-maleri\/#primaryimage"},"thumbnailUrl":"https:\/\/gmflexpaket.se\/hedlunds-maleri\/wp-content\/uploads\/sites\/8\/2026\/03\/bild2.jpg","datePublished":"2026-03-27T11:39:23+00:00","dateModified":"2026-04-08T13:42:18+00:00","breadcrumb":{"@id":"https:\/\/gmflexpaket.se\/hedlunds-maleri\/invandigt-maleri\/#breadcrumb"},"inLanguage":"sv-SE","potentialAction":[{"@type":"ReadAction","target":["https:\/\/gmflexpaket.se\/hedlunds-maleri\/invandigt-maleri\/"]}]},{"@type":"ImageObject","inLanguage":"sv-SE","@id":"https:\/\/gmflexpaket.se\/hedlunds-maleri\/invandigt-maleri\/#primaryimage","url":"https:\/\/gmflexpaket.se\/hedlunds-maleri\/wp-content\/uploads\/sites\/8\/2026\/03\/bild2.jpg","contentUrl":"https:\/\/gmflexpaket.se\/hedlunds-maleri\/wp-content\/uploads\/sites\/8\/2026\/03\/bild2.jpg","width":2500,"height":1668},{"@type":"BreadcrumbList","@id":"https:\/\/gmflexpaket.se\/hedlunds-maleri\/invandigt-maleri\/#breadcrumb","itemListElement":[{"@type":"ListItem","position":1,"name":"Home","item":"https:\/\/gmflexpaket.se\/hedlunds-maleri\/"},{"@type":"ListItem","position":2,"name":"Inv\u00e4ndigt m\u00e5leri"}]},{"@type":"WebSite","@id":"https:\/\/gmflexpaket.se\/hedlunds-maleri\/#website","url":"https:\/\/gmflexpaket.se\/hedlunds-maleri\/","name":"Hedlunds M\u00e5leri","description":"Vi kan m\u00e5leri","potentialAction":[{"@type":"SearchAction","target":{"@type":"EntryPoint","urlTemplate":"https:\/\/gmflexpaket.se\/hedlunds-maleri\/?s={search_term_string}"},"query-input":{"@type":"PropertyValueSpecification","valueRequired":true,"valueName":"search_term_string"}}],"inLanguage":"sv-SE"}]}},"_links":{"self":[{"href":"https:\/\/gmflexpaket.se\/hedlunds-maleri\/wp-json\/wp\/v2\/pages\/218","targetHints":{"allow":["GET"]}}],"collection":[{"href":"https:\/\/gmflexpaket.se\/hedlunds-maleri\/wp-json\/wp\/v2\/pages"}],"about":[{"href":"https:\/\/gmflexpaket.se\/hedlunds-maleri\/wp-json\/wp\/v2\/types\/page"}],"author":[{"embeddable":true,"href":"https:\/\/gmflexpaket.se\/hedlunds-maleri\/wp-json\/wp\/v2\/users\/1"}],"replies":[{"embeddable":true,"href":"https:\/\/gmflexpaket.se\/hedlunds-maleri\/wp-json\/wp\/v2\/comments?post=218"}],"version-history":[{"count":0,"href":"https:\/\/gmflexpaket.se\/hedlunds-maleri\/wp-json\/wp\/v2\/pages\/218\/revisions"}],"wp:featuredmedia":[{"embeddable":true,"href":"https:\/\/gmflexpaket.se\/hedlunds-maleri\/wp-json\/wp\/v2\/media\/208"}],"wp:attachment":[{"href":"https:\/\/gmflexpaket.se\/hedlunds-maleri\/wp-json\/wp\/v2\/media?parent=218"}],"curies":[{"name":"wp","href":"https:\/\/api.w.org\/{rel}","templated":true}]}}